{"id":168,"date":"2021-04-20T11:55:50","date_gmt":"2021-04-20T11:55:50","guid":{"rendered":"https:\/\/fliesen-gatterer.at\/?page_id=168"},"modified":"2021-04-21T10:54:01","modified_gmt":"2021-04-21T10:54:01","slug":"handel","status":"publish","type":"page","link":"https:\/\/fliesen-gatterer.at\/index.php\/handel\/","title":{"rendered":"Handel"},"content":{"rendered":"\t\t<div data-elementor-type=\"wp-page\" data-elementor-id=\"168\" class=\"elementor elementor-168\" data-elementor-settings=\"[]\">\n\t\t\t\t\t\t\t<div class=\"elementor-section-wrap\">\n\t\t\t\t\t\t\t<section class=\"elementor-section elementor-top-section elementor-element elementor-element-6c64497 elementor-section-content-middle elementor-section-boxed elementor-section-height-default elementor-section-height-default\" data-id=\"6c64497\" data-element_type=\"section\" data-settings=\"{&quot;background_background&quot;:&quot;classic&quot;}\">\n\t\t\t\t\t\t\t<div class=\"elementor-background-overlay\"><\/div>\n\t\t\t\t\t\t\t<div class=\"elementor-container elementor-column-gap-default\">\n\t\t\t\t\t<div class=\"elementor-column elementor-col-100 elementor-top-column elementor-element elementor-element-aa559fd\" data-id=\"aa559fd\" data-element_type=\"column\">\n\t\t\t<div class=\"elementor-widget-wrap elementor-element-populated\">\n\t\t\t\t\t\t\t\t<section class=\"elementor-section elementor-inner-section elementor-element elementor-element-c9e6d48 elementor-section-boxed elementor-section-height-default elementor-section-height-default\" data-id=\"c9e6d48\" data-element_type=\"section\">\n\t\t\t\t\t\t<div class=\"elementor-container elementor-column-gap-default\">\n\t\t\t\t\t<div class=\"elementor-column elementor-col-50 elementor-inner-column elementor-element elementor-element-1b195b8\" data-id=\"1b195b8\" data-element_type=\"column\" data-settings=\"{&quot;background_background&quot;:&quot;classic&quot;}\">\n\t\t\t<div class=\"elementor-widget-wrap elementor-element-populated\">\n\t\t\t\t\t\t\t\t<div class=\"elementor-element elementor-element-61bd9d1 elementor-widget elementor-widget-text-editor\" data-id=\"61bd9d1\" data-element_type=\"widget\" data-widget_type=\"text-editor.default\">\n\t\t\t\t<div class=\"elementor-widget-container\">\n\t\t\t\t\t\t\t\t\t\t\t\t\t<\/div>\n\t\t\t\t<\/div>\n\t\t\t\t\t<\/div>\n\t\t<\/div>\n\t\t\t\t<div class=\"elementor-column elementor-col-50 elementor-inner-column elementor-element elementor-element-c265e5a\" data-id=\"c265e5a\" data-element_type=\"column\">\n\t\t\t<div class=\"elementor-widget-wrap elementor-element-populated\">\n\t\t\t\t\t\t\t\t<div class=\"elementor-element elementor-element-5842002 elementor-position-left elementor-vertical-align-middle elementor-view-default elementor-widget elementor-widget-icon-box\" data-id=\"5842002\" data-element_type=\"widget\" data-widget_type=\"icon-box.default\">\n\t\t\t\t<div class=\"elementor-widget-container\">\n\t\t\t\t\t<div class=\"elementor-icon-box-wrapper\">\n\t\t\t\t\t\t<div class=\"elementor-icon-box-icon\">\n\t\t\t\t<span class=\"elementor-icon elementor-animation-\" >\n\t\t\t\t<i aria-hidden=\"true\" class=\"far fa-sticky-note\"><\/i>\t\t\t\t<\/span>\n\t\t\t<\/div>\n\t\t\t\t\t\t<div class=\"elementor-icon-box-content\">\n\t\t\t\t<h4 class=\"elementor-icon-box-title\">\n\t\t\t\t\t<span  >\n\t\t\t\t\t\tFliesenhandel Gatterer aus Spittal in K\u00e4rnten\t\t\t\t\t<\/span>\n\t\t\t\t<\/h4>\n\t\t\t\t\t\t\t<\/div>\n\t\t<\/div>\n\t\t\t\t<\/div>\n\t\t\t\t<\/div>\n\t\t\t\t<div class=\"elementor-element elementor-element-dcd0e48 elementor-widget elementor-widget-text-editor\" data-id=\"dcd0e48\" data-element_type=\"widget\" data-widget_type=\"text-editor.default\">\n\t\t\t\t<div class=\"elementor-widget-container\">\n\t\t\t\t\t\t\t<p><strong>Fliesenh\u00e4ndler f\u00fcr Handwerker, Verlegebetriebe und Private<\/strong><br \/>Wir bieten Ihnen ein umfassendes Sortiment aus dem gesamten keramischen Produktbereich. Da wir unsere Fliesen direkt von den Herstellern beziehen, finden Sie bei uns eine au\u00dfergew\u00f6hnlich vielf\u00e4ltige Produktpalette.<\/p><p>Aus dem Bereich Bauzubeh\u00f6r stellen wir Ihnen verschiedene bauchemische Produkte namhafter Hersteller wie z.B. Estrich, Fliesenkleber, Schimmelentferner, Verfugungsmaterial, Reinigungsmittel und vieles mehr zur Verf\u00fcgung. Insbesondere zu empfehlen sind unsere Produkte von \u00f6sterreichischen Herstellern.<\/p>\t\t\t\t\t\t<\/div>\n\t\t\t\t<\/div>\n\t\t\t\t\t<\/div>\n\t\t<\/div>\n\t\t\t\t\t\t\t<\/div>\n\t\t<\/section>\n\t\t\t\t<section class=\"elementor-section elementor-inner-section elementor-element elementor-element-f35e06d elementor-reverse-mobile elementor-section-boxed elementor-section-height-default elementor-section-height-default\" data-id=\"f35e06d\" data-element_type=\"section\">\n\t\t\t\t\t\t<div class=\"elementor-container elementor-column-gap-default\">\n\t\t\t\t\t<div class=\"elementor-column elementor-col-50 elementor-inner-column elementor-element elementor-element-73781f9\" data-id=\"73781f9\" data-element_type=\"column\">\n\t\t\t<div class=\"elementor-widget-wrap elementor-element-populated\">\n\t\t\t\t\t\t\t\t<div class=\"elementor-element elementor-element-87f88a3 elementor-position-right elementor-vertical-align-middle elementor-view-default elementor-widget elementor-widget-icon-box\" data-id=\"87f88a3\" data-element_type=\"widget\" data-widget_type=\"icon-box.default\">\n\t\t\t\t<div class=\"elementor-widget-container\">\n\t\t\t\t\t<div class=\"elementor-icon-box-wrapper\">\n\t\t\t\t\t\t<div class=\"elementor-icon-box-icon\">\n\t\t\t\t<span class=\"elementor-icon elementor-animation-\" >\n\t\t\t\t<i aria-hidden=\"true\" class=\"far fa-sticky-note\"><\/i>\t\t\t\t<\/span>\n\t\t\t<\/div>\n\t\t\t\t\t\t<div class=\"elementor-icon-box-content\">\n\t\t\t\t<h4 class=\"elementor-icon-box-title\">\n\t\t\t\t\t<span  >\n\t\t\t\t\t\tWandfliesen, Bodenfliesen und vieles mehr\t\t\t\t\t<\/span>\n\t\t\t\t<\/h4>\n\t\t\t\t\t\t\t<\/div>\n\t\t<\/div>\n\t\t\t\t<\/div>\n\t\t\t\t<\/div>\n\t\t\t\t<div class=\"elementor-element elementor-element-c7b5729 elementor-widget elementor-widget-text-editor\" data-id=\"c7b5729\" data-element_type=\"widget\" data-widget_type=\"text-editor.default\">\n\t\t\t\t<div class=\"elementor-widget-container\">\n\t\t\t\t\t\t\t<p>Sie finden bei uns Fliesen in allen Gr\u00f6\u00dfen \u2013 vom Kleinstformat bis zu \u00dcbergr\u00f6\u00dfen \u2013 sowie auch \u00fcberstarke Fliesen f\u00fcr den Au\u00dfenbereich. W\u00e4hlen Sie aus unterschiedlichen Materialien und Oberfl\u00e4chen sowie Designs von modern bis klassisch. Und: Wir haben auch Natursteine f\u00fcr Sie im Angebot!<\/p><p>Wir beraten Sie jederzeit gerne n\u00e4her! Kontaktieren Sie uns und nutzen Sie die Vorteile unseres langj\u00e4hrig erfahrenen Fliesenleger-Meisterbetriebs!<\/p><p><b> Individuelle Produkte f\u00fcr kreative Fliesen-Ideen von Fliesen Gatterer aus Spittal<\/b><\/p>\t\t\t\t\t\t<\/div>\n\t\t\t\t<\/div>\n\t\t\t\t\t<\/div>\n\t\t<\/div>\n\t\t\t\t<div class=\"elementor-column elementor-col-50 elementor-inner-column elementor-element elementor-element-f984b0d\" data-id=\"f984b0d\" data-element_type=\"column\" data-settings=\"{&quot;background_background&quot;:&quot;classic&quot;}\">\n\t\t\t<div class=\"elementor-widget-wrap elementor-element-populated\">\n\t\t\t\t\t\t\t\t<div class=\"elementor-element elementor-element-f758978 elementor-widget elementor-widget-text-editor\" data-id=\"f758978\" data-element_type=\"widget\" data-widget_type=\"text-editor.default\">\n\t\t\t\t<div class=\"elementor-widget-container\">\n\t\t\t\t\t\t\t\t\t\t\t\t\t<\/div>\n\t\t\t\t<\/div>\n\t\t\t\t\t<\/div>\n\t\t<\/div>\n\t\t\t\t\t\t\t<\/div>\n\t\t<\/section>\n\t\t\t\t\t<\/div>\n\t\t<\/div>\n\t\t\t\t\t\t\t<\/div>\n\t\t<\/section>\n\t\t\t\t\t\t<\/div>\n\t\t\t\t\t<\/div>\n\t\t","protected":false},"excerpt":{"rendered":"<p>Fliesenhandel Gatterer aus Spittal in K\u00e4rnten Fliesenh\u00e4ndler f\u00fcr Handwerker, Verlegebetriebe und PrivateWir bieten Ihnen ein umfassendes Sortiment aus dem gesamten keramischen Produktbereich. Da wir unsere Fliesen direkt von den Herstellern beziehen, finden Sie bei uns eine au\u00dfergew\u00f6hnlich vielf\u00e4ltige Produktpalette. Aus dem Bereich Bauzubeh\u00f6r stellen wir Ihnen verschiedene bauchemische Produkte namhafter Hersteller wie z.B. Estrich, Fliesenkleber, &hellip;<\/p>\n<p class=\"read-more\"> <a class=\"\" href=\"https:\/\/fliesen-gatterer.at\/index.php\/handel\/\"> <span class=\"screen-reader-text\">Handel<\/span> Weiterlesen &raquo;<\/a><\/p>\n","protected":false},"author":1,"featured_media":0,"parent":0,"menu_order":0,"comment_status":"closed","ping_status":"closed","template":"","meta":{"footnotes":""},"class_list":["post-168","page","type-page","status-publish","hentry"],"yoast_head":"<!-- This site is optimized with the Yoast SEO plugin v18.1 - https:\/\/yoast.com\/wordpress\/plugins\/seo\/ -->\n<title>Handel - Fliesen Gatterer - Ihr Fliesenleger in der Region<\/title>\n<meta name=\"robots\" content=\"index, follow, max-snippet:-1, max-image-preview:large, max-video-preview:-1\" \/>\n<link rel=\"canonical\" href=\"https:\/\/fliesen-gatterer.at\/index.php\/handel\/\" \/>\n<meta property=\"og:locale\" content=\"de_DE\" \/>\n<meta property=\"og:type\" content=\"article\" \/>\n<meta property=\"og:title\" content=\"Handel - Fliesen Gatterer - Ihr Fliesenleger in der Region\" \/>\n<meta property=\"og:description\" content=\"Fliesenhandel Gatterer aus Spittal in K\u00e4rnten Fliesenh\u00e4ndler f\u00fcr Handwerker, Verlegebetriebe und PrivateWir bieten Ihnen ein umfassendes Sortiment aus dem gesamten keramischen Produktbereich. Da wir unsere Fliesen direkt von den Herstellern beziehen, finden Sie bei uns eine au\u00dfergew\u00f6hnlich vielf\u00e4ltige Produktpalette. Aus dem Bereich Bauzubeh\u00f6r stellen wir Ihnen verschiedene bauchemische Produkte namhafter Hersteller wie z.B. Estrich, Fliesenkleber, &hellip; Handel Weiterlesen &raquo;\" \/>\n<meta property=\"og:url\" content=\"https:\/\/fliesen-gatterer.at\/index.php\/handel\/\" \/>\n<meta property=\"og:site_name\" content=\"Fliesen Gatterer - Ihr Fliesenleger in der Region\" \/>\n<meta property=\"article:modified_time\" content=\"2021-04-21T10:54:01+00:00\" \/>\n<meta name=\"twitter:card\" content=\"summary_large_image\" \/>\n<meta name=\"twitter:label1\" content=\"Gesch\u00e4tzte Lesezeit\" \/>\n\t<meta name=\"twitter:data1\" content=\"1\u00a0Minute\" \/>\n<script type=\"application\/ld+json\" class=\"yoast-schema-graph\">{\"@context\":\"https:\/\/schema.org\",\"@graph\":[{\"@type\":\"WebSite\",\"@id\":\"https:\/\/fliesen-gatterer.at\/#website\",\"url\":\"https:\/\/fliesen-gatterer.at\/\",\"name\":\"Fliesen Gatterer - Ihr Fliesenleger in der Region\",\"description\":\"Fliesenhandel &amp; Fliesenverlegung Gatterer aus Spittal in K\u00e4rnten\",\"potentialAction\":[{\"@type\":\"SearchAction\",\"target\":{\"@type\":\"EntryPoint\",\"urlTemplate\":\"https:\/\/fliesen-gatterer.at\/?s={search_term_string}\"},\"query-input\":\"required name=search_term_string\"}],\"inLanguage\":\"de\"},{\"@type\":\"WebPage\",\"@id\":\"https:\/\/fliesen-gatterer.at\/index.php\/handel\/#webpage\",\"url\":\"https:\/\/fliesen-gatterer.at\/index.php\/handel\/\",\"name\":\"Handel - Fliesen Gatterer - Ihr Fliesenleger in der Region\",\"isPartOf\":{\"@id\":\"https:\/\/fliesen-gatterer.at\/#website\"},\"datePublished\":\"2021-04-20T11:55:50+00:00\",\"dateModified\":\"2021-04-21T10:54:01+00:00\",\"breadcrumb\":{\"@id\":\"https:\/\/fliesen-gatterer.at\/index.php\/handel\/#breadcrumb\"},\"inLanguage\":\"de\",\"potentialAction\":[{\"@type\":\"ReadAction\",\"target\":[\"https:\/\/fliesen-gatterer.at\/index.php\/handel\/\"]}]},{\"@type\":\"BreadcrumbList\",\"@id\":\"https:\/\/fliesen-gatterer.at\/index.php\/handel\/#breadcrumb\",\"itemListElement\":[{\"@type\":\"ListItem\",\"position\":1,\"name\":\"Startseite\",\"item\":\"https:\/\/fliesen-gatterer.at\/\"},{\"@type\":\"ListItem\",\"position\":2,\"name\":\"Handel\"}]}]}<\/script>\n<!-- \/ Yoast SEO plugin. -->","yoast_head_json":{"title":"Handel - Fliesen Gatterer - Ihr Fliesenleger in der Region","robots":{"index":"index","follow":"follow","max-snippet":"max-snippet:-1","max-image-preview":"max-image-preview:large","max-video-preview":"max-video-preview:-1"},"canonical":"https:\/\/fliesen-gatterer.at\/index.php\/handel\/","og_locale":"de_DE","og_type":"article","og_title":"Handel - Fliesen Gatterer - Ihr Fliesenleger in der Region","og_description":"Fliesenhandel Gatterer aus Spittal in K\u00e4rnten Fliesenh\u00e4ndler f\u00fcr Handwerker, Verlegebetriebe und PrivateWir bieten Ihnen ein umfassendes Sortiment aus dem gesamten keramischen Produktbereich. Da wir unsere Fliesen direkt von den Herstellern beziehen, finden Sie bei uns eine au\u00dfergew\u00f6hnlich vielf\u00e4ltige Produktpalette. Aus dem Bereich Bauzubeh\u00f6r stellen wir Ihnen verschiedene bauchemische Produkte namhafter Hersteller wie z.B. Estrich, Fliesenkleber, &hellip; Handel Weiterlesen &raquo;","og_url":"https:\/\/fliesen-gatterer.at\/index.php\/handel\/","og_site_name":"Fliesen Gatterer - Ihr Fliesenleger in der Region","article_modified_time":"2021-04-21T10:54:01+00:00","twitter_card":"summary_large_image","twitter_misc":{"Gesch\u00e4tzte Lesezeit":"1\u00a0Minute"},"schema":{"@context":"https:\/\/schema.org","@graph":[{"@type":"WebSite","@id":"https:\/\/fliesen-gatterer.at\/#website","url":"https:\/\/fliesen-gatterer.at\/","name":"Fliesen Gatterer - Ihr Fliesenleger in der Region","description":"Fliesenhandel &amp; Fliesenverlegung Gatterer aus Spittal in K\u00e4rnten","potentialAction":[{"@type":"SearchAction","target":{"@type":"EntryPoint","urlTemplate":"https:\/\/fliesen-gatterer.at\/?s={search_term_string}"},"query-input":"required name=search_term_string"}],"inLanguage":"de"},{"@type":"WebPage","@id":"https:\/\/fliesen-gatterer.at\/index.php\/handel\/#webpage","url":"https:\/\/fliesen-gatterer.at\/index.php\/handel\/","name":"Handel - Fliesen Gatterer - Ihr Fliesenleger in der Region","isPartOf":{"@id":"https:\/\/fliesen-gatterer.at\/#website"},"datePublished":"2021-04-20T11:55:50+00:00","dateModified":"2021-04-21T10:54:01+00:00","breadcrumb":{"@id":"https:\/\/fliesen-gatterer.at\/index.php\/handel\/#breadcrumb"},"inLanguage":"de","potentialAction":[{"@type":"ReadAction","target":["https:\/\/fliesen-gatterer.at\/index.php\/handel\/"]}]},{"@type":"BreadcrumbList","@id":"https:\/\/fliesen-gatterer.at\/index.php\/handel\/#breadcrumb","itemListElement":[{"@type":"ListItem","position":1,"name":"Startseite","item":"https:\/\/fliesen-gatterer.at\/"},{"@type":"ListItem","position":2,"name":"Handel"}]}]}},"_links":{"self":[{"href":"https:\/\/fliesen-gatterer.at\/index.php\/wp-json\/wp\/v2\/pages\/168","targetHints":{"allow":["GET"]}}],"collection":[{"href":"https:\/\/fliesen-gatterer.at\/index.php\/wp-json\/wp\/v2\/pages"}],"about":[{"href":"https:\/\/fliesen-gatterer.at\/index.php\/wp-json\/wp\/v2\/types\/page"}],"author":[{"embeddable":true,"href":"https:\/\/fliesen-gatterer.at\/index.php\/wp-json\/wp\/v2\/users\/1"}],"replies":[{"embeddable":true,"href":"https:\/\/fliesen-gatterer.at\/index.php\/wp-json\/wp\/v2\/comments?post=168"}],"version-history":[{"count":28,"href":"https:\/\/fliesen-gatterer.at\/index.php\/wp-json\/wp\/v2\/pages\/168\/revisions"}],"predecessor-version":[{"id":341,"href":"https:\/\/fliesen-gatterer.at\/index.php\/wp-json\/wp\/v2\/pages\/168\/revisions\/341"}],"wp:attachment":[{"href":"https:\/\/fliesen-gatterer.at\/index.php\/wp-json\/wp\/v2\/media?parent=168"}],"curies":[{"name":"wp","href":"https:\/\/api.w.org\/{rel}","templated":true}]}}