{"id":170,"date":"2021-04-20T11:56:10","date_gmt":"2021-04-20T11:56:10","guid":{"rendered":"https:\/\/fliesen-gatterer.at\/?page_id=170"},"modified":"2021-04-21T10:56:50","modified_gmt":"2021-04-21T10:56:50","slug":"verlegung","status":"publish","type":"page","link":"https:\/\/fliesen-gatterer.at\/index.php\/verlegung\/","title":{"rendered":"Verlegung"},"content":{"rendered":"\t\t<div data-elementor-type=\"wp-page\" data-elementor-id=\"170\" class=\"elementor elementor-170\" data-elementor-settings=\"[]\">\n\t\t\t\t\t\t\t<div class=\"elementor-section-wrap\">\n\t\t\t\t\t\t\t<section class=\"elementor-section elementor-top-section elementor-element elementor-element-3511ecf elementor-section-content-middle elementor-section-boxed elementor-section-height-default elementor-section-height-default\" data-id=\"3511ecf\" data-element_type=\"section\" data-settings=\"{&quot;background_background&quot;:&quot;classic&quot;}\">\n\t\t\t\t\t\t\t<div class=\"elementor-background-overlay\"><\/div>\n\t\t\t\t\t\t\t<div class=\"elementor-container elementor-column-gap-default\">\n\t\t\t\t\t<div class=\"elementor-column elementor-col-100 elementor-top-column elementor-element elementor-element-e72ff4c\" data-id=\"e72ff4c\" data-element_type=\"column\">\n\t\t\t<div class=\"elementor-widget-wrap elementor-element-populated\">\n\t\t\t\t\t\t\t\t<section class=\"elementor-section elementor-inner-section elementor-element elementor-element-b606436 elementor-section-boxed elementor-section-height-default elementor-section-height-default\" data-id=\"b606436\" data-element_type=\"section\">\n\t\t\t\t\t\t<div class=\"elementor-container elementor-column-gap-default\">\n\t\t\t\t\t<div class=\"elementor-column elementor-col-50 elementor-inner-column elementor-element elementor-element-67e5914\" data-id=\"67e5914\" data-element_type=\"column\" data-settings=\"{&quot;background_background&quot;:&quot;classic&quot;}\">\n\t\t\t<div class=\"elementor-widget-wrap elementor-element-populated\">\n\t\t\t\t\t\t\t\t<div class=\"elementor-element elementor-element-d8209cf elementor-widget elementor-widget-text-editor\" data-id=\"d8209cf\" data-element_type=\"widget\" data-widget_type=\"text-editor.default\">\n\t\t\t\t<div class=\"elementor-widget-container\">\n\t\t\t\t\t\t\t\t\t\t\t\t\t<\/div>\n\t\t\t\t<\/div>\n\t\t\t\t\t<\/div>\n\t\t<\/div>\n\t\t\t\t<div class=\"elementor-column elementor-col-50 elementor-inner-column elementor-element elementor-element-763f207\" data-id=\"763f207\" data-element_type=\"column\">\n\t\t\t<div class=\"elementor-widget-wrap elementor-element-populated\">\n\t\t\t\t\t\t\t\t<div class=\"elementor-element elementor-element-26114e2 elementor-position-left elementor-vertical-align-middle elementor-view-default elementor-widget elementor-widget-icon-box\" data-id=\"26114e2\" data-element_type=\"widget\" data-widget_type=\"icon-box.default\">\n\t\t\t\t<div class=\"elementor-widget-container\">\n\t\t\t\t\t<div class=\"elementor-icon-box-wrapper\">\n\t\t\t\t\t\t<div class=\"elementor-icon-box-icon\">\n\t\t\t\t<span class=\"elementor-icon elementor-animation-\" >\n\t\t\t\t<i aria-hidden=\"true\" class=\"far fa-sticky-note\"><\/i>\t\t\t\t<\/span>\n\t\t\t<\/div>\n\t\t\t\t\t\t<div class=\"elementor-icon-box-content\">\n\t\t\t\t<h4 class=\"elementor-icon-box-title\">\n\t\t\t\t\t<span  >\n\t\t\t\t\t\tFliesenarbeiten mit neuesten Produkten und Techniken\t\t\t\t\t<\/span>\n\t\t\t\t<\/h4>\n\t\t\t\t\t\t\t<\/div>\n\t\t<\/div>\n\t\t\t\t<\/div>\n\t\t\t\t<\/div>\n\t\t\t\t<div class=\"elementor-element elementor-element-2b974a8 elementor-widget elementor-widget-text-editor\" data-id=\"2b974a8\" data-element_type=\"widget\" data-widget_type=\"text-editor.default\">\n\t\t\t\t<div class=\"elementor-widget-container\">\n\t\t\t\t\t\t\t<p>Unser Fliesenleger-Meisterbetrieb ist seit jeher darum bem\u00fcht, interessierte und engagierte Arbeitskr\u00e4fte zu finden und fachm\u00e4nnisch auszubilden. Daher k\u00f6nnen wir unseren Kunden stets bestens geschulte Fachkr\u00e4fte zur Verf\u00fcgung stellen, die gewissenhaft und verl\u00e4sslich mit hochwertigen Materialien, besten Werkzeugen sowie nach den neuesten Verlegetechniken arbeiten.<\/p>\t\t\t\t\t\t<\/div>\n\t\t\t\t<\/div>\n\t\t\t\t\t<\/div>\n\t\t<\/div>\n\t\t\t\t\t\t\t<\/div>\n\t\t<\/section>\n\t\t\t\t<section class=\"elementor-section elementor-inner-section elementor-element elementor-element-b9e9030 elementor-reverse-mobile elementor-section-boxed elementor-section-height-default elementor-section-height-default\" data-id=\"b9e9030\" data-element_type=\"section\">\n\t\t\t\t\t\t<div class=\"elementor-container elementor-column-gap-default\">\n\t\t\t\t\t<div class=\"elementor-column elementor-col-50 elementor-inner-column elementor-element elementor-element-18dafc5\" data-id=\"18dafc5\" data-element_type=\"column\">\n\t\t\t<div class=\"elementor-widget-wrap elementor-element-populated\">\n\t\t\t\t\t\t\t\t<div class=\"elementor-element elementor-element-e099fe5 elementor-position-left elementor-vertical-align-middle elementor-view-default elementor-widget elementor-widget-icon-box\" data-id=\"e099fe5\" data-element_type=\"widget\" data-widget_type=\"icon-box.default\">\n\t\t\t\t<div class=\"elementor-widget-container\">\n\t\t\t\t\t<div class=\"elementor-icon-box-wrapper\">\n\t\t\t\t\t\t<div class=\"elementor-icon-box-icon\">\n\t\t\t\t<span class=\"elementor-icon elementor-animation-\" >\n\t\t\t\t<i aria-hidden=\"true\" class=\"far fa-sticky-note\"><\/i>\t\t\t\t<\/span>\n\t\t\t<\/div>\n\t\t\t\t\t\t<div class=\"elementor-icon-box-content\">\n\t\t\t\t<h4 class=\"elementor-icon-box-title\">\n\t\t\t\t\t<span  >\n\t\t\t\t\t\tWir verlegen Ihre Fliesen sauber und genau!\u200b\t\t\t\t\t<\/span>\n\t\t\t\t<\/h4>\n\t\t\t\t\t\t\t<\/div>\n\t\t<\/div>\n\t\t\t\t<\/div>\n\t\t\t\t<\/div>\n\t\t\t\t<div class=\"elementor-element elementor-element-20bbce7 elementor-widget elementor-widget-text-editor\" data-id=\"20bbce7\" data-element_type=\"widget\" data-widget_type=\"text-editor.default\">\n\t\t\t\t<div class=\"elementor-widget-container\">\n\t\t\t\t\t\t\tAuf unsere Professionalit\u00e4t bei Fliesenarbeiten k\u00f6nnen Sie sich verlassen! Denn wir wollen f\u00fcr unsere Kunden Langzeitl\u00f6sungen umsetzen, mit denen sie auf lange Sicht zufrieden sind. Unsere Mitarbeiter arbeiten bei jedem Projekt besonders genau und sauber, mit dem Ziel, dass Ihr Bauvorhaben rasch und zu Ihrer besten Zufriedenheit verwirklich wird. \n\nWir stehen Ihnen jederzeit gerne f\u00fcr weitere Informationen zur Verf\u00fcgung! Nehmen Sie mit uns Kontakt auf und vereinbaren Sie einen unverbindlichen Beratungstermin!\n\nWir freuen uns, Sie bei Ihrem Fliesenprojekt unterst\u00fctzen zu d\u00fcrfen!\n\nFliesenverlegung vom Spezialisten Gatterer aus Spittal, K\u00e4rnten\t\t\t\t\t\t<\/div>\n\t\t\t\t<\/div>\n\t\t\t\t\t<\/div>\n\t\t<\/div>\n\t\t\t\t<div class=\"elementor-column elementor-col-50 elementor-inner-column elementor-element elementor-element-4d79eb9\" data-id=\"4d79eb9\" data-element_type=\"column\" data-settings=\"{&quot;background_background&quot;:&quot;classic&quot;}\">\n\t\t\t<div class=\"elementor-widget-wrap elementor-element-populated\">\n\t\t\t\t\t\t\t\t<div class=\"elementor-element elementor-element-dc8f4f5 elementor-widget elementor-widget-text-editor\" data-id=\"dc8f4f5\" data-element_type=\"widget\" data-widget_type=\"text-editor.default\">\n\t\t\t\t<div class=\"elementor-widget-container\">\n\t\t\t\t\t\t\t\t\t\t\t\t\t<\/div>\n\t\t\t\t<\/div>\n\t\t\t\t\t<\/div>\n\t\t<\/div>\n\t\t\t\t\t\t\t<\/div>\n\t\t<\/section>\n\t\t\t\t\t<\/div>\n\t\t<\/div>\n\t\t\t\t\t\t\t<\/div>\n\t\t<\/section>\n\t\t\t\t\t\t<\/div>\n\t\t\t\t\t<\/div>\n\t\t","protected":false},"excerpt":{"rendered":"<p>Fliesenarbeiten mit neuesten Produkten und Techniken Unser Fliesenleger-Meisterbetrieb ist seit jeher darum bem\u00fcht, interessierte und engagierte Arbeitskr\u00e4fte zu finden und fachm\u00e4nnisch auszubilden. Daher k\u00f6nnen wir unseren Kunden stets bestens geschulte Fachkr\u00e4fte zur Verf\u00fcgung stellen, die gewissenhaft und verl\u00e4sslich mit hochwertigen Materialien, besten Werkzeugen sowie nach den neuesten Verlegetechniken arbeiten. Wir verlegen Ihre Fliesen sauber und &hellip;<\/p>\n<p class=\"read-more\"> <a class=\"\" href=\"https:\/\/fliesen-gatterer.at\/index.php\/verlegung\/\"> <span class=\"screen-reader-text\">Verlegung<\/span> Weiterlesen &raquo;<\/a><\/p>\n","protected":false},"author":1,"featured_media":0,"parent":0,"menu_order":0,"comment_status":"closed","ping_status":"closed","template":"","meta":{"footnotes":""},"class_list":["post-170","page","type-page","status-publish","hentry"],"yoast_head":"<!-- This site is optimized with the Yoast SEO plugin v18.1 - https:\/\/yoast.com\/wordpress\/plugins\/seo\/ -->\n<title>Verlegung - Fliesen Gatterer - Ihr Fliesenleger in der Region<\/title>\n<meta name=\"robots\" content=\"index, follow, max-snippet:-1, max-image-preview:large, max-video-preview:-1\" \/>\n<link rel=\"canonical\" href=\"https:\/\/fliesen-gatterer.at\/index.php\/verlegung\/\" \/>\n<meta property=\"og:locale\" content=\"de_DE\" \/>\n<meta property=\"og:type\" content=\"article\" \/>\n<meta property=\"og:title\" content=\"Verlegung - Fliesen Gatterer - Ihr Fliesenleger in der Region\" \/>\n<meta property=\"og:description\" content=\"Fliesenarbeiten mit neuesten Produkten und Techniken Unser Fliesenleger-Meisterbetrieb ist seit jeher darum bem\u00fcht, interessierte und engagierte Arbeitskr\u00e4fte zu finden und fachm\u00e4nnisch auszubilden. Daher k\u00f6nnen wir unseren Kunden stets bestens geschulte Fachkr\u00e4fte zur Verf\u00fcgung stellen, die gewissenhaft und verl\u00e4sslich mit hochwertigen Materialien, besten Werkzeugen sowie nach den neuesten Verlegetechniken arbeiten. Wir verlegen Ihre Fliesen sauber und &hellip; Verlegung Weiterlesen &raquo;\" \/>\n<meta property=\"og:url\" content=\"https:\/\/fliesen-gatterer.at\/index.php\/verlegung\/\" \/>\n<meta property=\"og:site_name\" content=\"Fliesen Gatterer - Ihr Fliesenleger in der Region\" \/>\n<meta property=\"article:modified_time\" content=\"2021-04-21T10:56:50+00:00\" \/>\n<meta name=\"twitter:card\" content=\"summary_large_image\" \/>\n<meta name=\"twitter:label1\" content=\"Gesch\u00e4tzte Lesezeit\" \/>\n\t<meta name=\"twitter:data1\" content=\"1\u00a0Minute\" \/>\n<script type=\"application\/ld+json\" class=\"yoast-schema-graph\">{\"@context\":\"https:\/\/schema.org\",\"@graph\":[{\"@type\":\"WebSite\",\"@id\":\"https:\/\/fliesen-gatterer.at\/#website\",\"url\":\"https:\/\/fliesen-gatterer.at\/\",\"name\":\"Fliesen Gatterer - Ihr Fliesenleger in der Region\",\"description\":\"Fliesenhandel &amp; Fliesenverlegung Gatterer aus Spittal in K\u00e4rnten\",\"potentialAction\":[{\"@type\":\"SearchAction\",\"target\":{\"@type\":\"EntryPoint\",\"urlTemplate\":\"https:\/\/fliesen-gatterer.at\/?s={search_term_string}\"},\"query-input\":\"required name=search_term_string\"}],\"inLanguage\":\"de\"},{\"@type\":\"WebPage\",\"@id\":\"https:\/\/fliesen-gatterer.at\/index.php\/verlegung\/#webpage\",\"url\":\"https:\/\/fliesen-gatterer.at\/index.php\/verlegung\/\",\"name\":\"Verlegung - Fliesen Gatterer - Ihr Fliesenleger in der Region\",\"isPartOf\":{\"@id\":\"https:\/\/fliesen-gatterer.at\/#website\"},\"datePublished\":\"2021-04-20T11:56:10+00:00\",\"dateModified\":\"2021-04-21T10:56:50+00:00\",\"breadcrumb\":{\"@id\":\"https:\/\/fliesen-gatterer.at\/index.php\/verlegung\/#breadcrumb\"},\"inLanguage\":\"de\",\"potentialAction\":[{\"@type\":\"ReadAction\",\"target\":[\"https:\/\/fliesen-gatterer.at\/index.php\/verlegung\/\"]}]},{\"@type\":\"BreadcrumbList\",\"@id\":\"https:\/\/fliesen-gatterer.at\/index.php\/verlegung\/#breadcrumb\",\"itemListElement\":[{\"@type\":\"ListItem\",\"position\":1,\"name\":\"Startseite\",\"item\":\"https:\/\/fliesen-gatterer.at\/\"},{\"@type\":\"ListItem\",\"position\":2,\"name\":\"Verlegung\"}]}]}<\/script>\n<!-- \/ Yoast SEO plugin. -->","yoast_head_json":{"title":"Verlegung - Fliesen Gatterer - Ihr Fliesenleger in der Region","robots":{"index":"index","follow":"follow","max-snippet":"max-snippet:-1","max-image-preview":"max-image-preview:large","max-video-preview":"max-video-preview:-1"},"canonical":"https:\/\/fliesen-gatterer.at\/index.php\/verlegung\/","og_locale":"de_DE","og_type":"article","og_title":"Verlegung - Fliesen Gatterer - Ihr Fliesenleger in der Region","og_description":"Fliesenarbeiten mit neuesten Produkten und Techniken Unser Fliesenleger-Meisterbetrieb ist seit jeher darum bem\u00fcht, interessierte und engagierte Arbeitskr\u00e4fte zu finden und fachm\u00e4nnisch auszubilden. Daher k\u00f6nnen wir unseren Kunden stets bestens geschulte Fachkr\u00e4fte zur Verf\u00fcgung stellen, die gewissenhaft und verl\u00e4sslich mit hochwertigen Materialien, besten Werkzeugen sowie nach den neuesten Verlegetechniken arbeiten. Wir verlegen Ihre Fliesen sauber und &hellip; Verlegung Weiterlesen &raquo;","og_url":"https:\/\/fliesen-gatterer.at\/index.php\/verlegung\/","og_site_name":"Fliesen Gatterer - Ihr Fliesenleger in der Region","article_modified_time":"2021-04-21T10:56:50+00:00","twitter_card":"summary_large_image","twitter_misc":{"Gesch\u00e4tzte Lesezeit":"1\u00a0Minute"},"schema":{"@context":"https:\/\/schema.org","@graph":[{"@type":"WebSite","@id":"https:\/\/fliesen-gatterer.at\/#website","url":"https:\/\/fliesen-gatterer.at\/","name":"Fliesen Gatterer - Ihr Fliesenleger in der Region","description":"Fliesenhandel &amp; Fliesenverlegung Gatterer aus Spittal in K\u00e4rnten","potentialAction":[{"@type":"SearchAction","target":{"@type":"EntryPoint","urlTemplate":"https:\/\/fliesen-gatterer.at\/?s={search_term_string}"},"query-input":"required name=search_term_string"}],"inLanguage":"de"},{"@type":"WebPage","@id":"https:\/\/fliesen-gatterer.at\/index.php\/verlegung\/#webpage","url":"https:\/\/fliesen-gatterer.at\/index.php\/verlegung\/","name":"Verlegung - Fliesen Gatterer - Ihr Fliesenleger in der Region","isPartOf":{"@id":"https:\/\/fliesen-gatterer.at\/#website"},"datePublished":"2021-04-20T11:56:10+00:00","dateModified":"2021-04-21T10:56:50+00:00","breadcrumb":{"@id":"https:\/\/fliesen-gatterer.at\/index.php\/verlegung\/#breadcrumb"},"inLanguage":"de","potentialAction":[{"@type":"ReadAction","target":["https:\/\/fliesen-gatterer.at\/index.php\/verlegung\/"]}]},{"@type":"BreadcrumbList","@id":"https:\/\/fliesen-gatterer.at\/index.php\/verlegung\/#breadcrumb","itemListElement":[{"@type":"ListItem","position":1,"name":"Startseite","item":"https:\/\/fliesen-gatterer.at\/"},{"@type":"ListItem","position":2,"name":"Verlegung"}]}]}},"_links":{"self":[{"href":"https:\/\/fliesen-gatterer.at\/index.php\/wp-json\/wp\/v2\/pages\/170","targetHints":{"allow":["GET"]}}],"collection":[{"href":"https:\/\/fliesen-gatterer.at\/index.php\/wp-json\/wp\/v2\/pages"}],"about":[{"href":"https:\/\/fliesen-gatterer.at\/index.php\/wp-json\/wp\/v2\/types\/page"}],"author":[{"embeddable":true,"href":"https:\/\/fliesen-gatterer.at\/index.php\/wp-json\/wp\/v2\/users\/1"}],"replies":[{"embeddable":true,"href":"https:\/\/fliesen-gatterer.at\/index.php\/wp-json\/wp\/v2\/comments?post=170"}],"version-history":[{"count":19,"href":"https:\/\/fliesen-gatterer.at\/index.php\/wp-json\/wp\/v2\/pages\/170\/revisions"}],"predecessor-version":[{"id":344,"href":"https:\/\/fliesen-gatterer.at\/index.php\/wp-json\/wp\/v2\/pages\/170\/revisions\/344"}],"wp:attachment":[{"href":"https:\/\/fliesen-gatterer.at\/index.php\/wp-json\/wp\/v2\/media?parent=170"}],"curies":[{"name":"wp","href":"https:\/\/api.w.org\/{rel}","templated":true}]}}